{"id":1119,"date":"2025-10-20T20:51:52","date_gmt":"2025-10-20T18:51:52","guid":{"rendered":"https:\/\/ashotzakaryan.com\/?page_id=1119"},"modified":"2025-11-22T10:55:01","modified_gmt":"2025-11-22T08:55:01","slug":"was","status":"publish","type":"page","link":"https:\/\/ashotzakaryan.com\/rus\/was\/","title":{"rendered":"\u0427\u0422\u041e ?"},"content":{"rendered":"<p><strong>\u0415\u0421\u041b\u0418 \u0412\u042b \u0417\u0414\u0415\u0421\u042c, \u0422\u041e \u0412\u042b \u0427\u0401\u0422\u041a\u041e \u041e\u0421\u041e\u0417\u041d\u0410\u0401\u0422\u0415 \u041a\u0422\u041e \u0425\u041e\u0417\u042f\u0418\u041d \u0412 \u0412\u0410\u0428\u0415\u0419 \u0416\u0418\u0417\u041d\u0418. \u0410 \u0415\u0429\u0401 \u0412\u042b \u0421\u041a\u041e\u0420\u0415\u0415 \u0412\u0421\u0415\u0413\u041e \u0420\u0415\u0428\u0418\u041b\u0418 \u0427\u0422\u041e-\u0422\u041e \u0418\u0417\u041c\u0415\u041d\u0418\u0422\u042c. \u0412\u041e\u0417\u041c\u041e\u0416\u041d\u041e \u0412 \u0412\u0410\u0428\u0415\u0419 \u041c\u041e\u0422\u0418\u0412\u0410\u0426\u0418\u0418. \u0410 \u041c\u041e\u0416\u0415\u0422 \u0412 \u041f\u0420\u041e\u0414\u0423\u041a\u0422\u0418\u0412\u041d\u041e\u0421\u0422\u0418. \u0418\u041b\u0418 \u0416\u0415 \u0412\u042b \u041f\u0420\u041e\u0421\u0422\u041e \u0416\u0410\u0416\u0414\u0418\u0422\u0415 \u0413\u0410\u0420\u041c\u041e\u041d\u0418\u0418. \u041c\u041d\u0415 \u041e\u0427\u0415\u041d\u042c \u0418\u041d\u0422\u0415\u0420\u0415\u0421\u041d\u041e, \u0427\u0422\u041e \u0418\u041c\u0415\u041d\u041d\u041e \u0414\u041b\u042f \u0412\u0410\u0421 \u0421\u0415\u0419\u0427\u0410\u0421 \u0412\u0410\u0416\u041d\u041e. \u0421 \u0420\u0410\u0414\u041e\u0421\u0422\u042c\u042e \u0412\u041e\u0417\u042c\u041c\u0423\u0421\u042c \u0421\u041e\u041f\u0420\u041e\u0412\u041e\u0416\u0414\u0410\u0422\u042c \u0412\u0410\u0421!<\/strong><\/p>\n\n\n\n<blockquote class=\"wp-block-quote is-layout-flow wp-block-quote-is-layout-flow\">\n<p><\/p>\n<\/blockquote>\n\n\n\n<h2 class=\"wp-block-heading\"><\/h2>\n\n\n<style id=\"wpforms-css-vars-1213\">\n\t\t\t\t#wpforms-1213 {\n\t\t\t\t--wpforms-container-padding: 0px;\n--wpforms-container-border-width: 1px;\n--wpforms-container-border-radius: 3px;\n--wpforms-background-color: rgba(0, 0, 0, 0);\n--wpforms-field-size-input-height: 43px;\n--wpforms-field-size-input-spacing: 15px;\n--wpforms-field-size-font-size: 16px;\n--wpforms-field-size-line-height: 19px;\n--wpforms-field-size-padding-h: 14px;\n--wpforms-field-size-checkbox-size: 16px;\n--wpforms-field-size-sublabel-spacing: 5px;\n--wpforms-field-size-icon-size: 1;\n--wpforms-label-size-font-size: 16px;\n--wpforms-label-size-line-height: 19px;\n--wpforms-label-size-sublabel-font-size: 14px;\n--wpforms-label-size-sublabel-line-height: 17px;\n--wpforms-button-size-font-size: 17px;\n--wpforms-button-size-height: 41px;\n--wpforms-button-size-padding-h: 15px;\n--wpforms-button-size-margin-top: 10px;\n--wpforms-container-shadow-size-box-shadow: none;\n\t\t\t}\n\t\t\t<\/style><div class=\"wpforms-container wpforms-container-full wpforms-render-modern\" id=\"wpforms-1213\"><form id=\"wpforms-form-1213\" class=\"wpforms-validate wpforms-form wpforms-ajax-form\" data-formid=\"1213\" method=\"post\" enctype=\"multipart\/form-data\" action=\"\/wp-json\/wp\/v2\/pages\/1119\" data-token=\"e902041cd58852c2365237687db5941d\" data-token-time=\"1777202781\" data-trp-original-action=\"\/rus\/wp-json\/wp\/v2\/pages\/1119\"><noscript class=\"wpforms-error-noscript\">\u0414\u043b\u044f \u0437\u0430\u043f\u043e\u043b\u043d\u0435\u043d\u0438\u044f \u0434\u0430\u043d\u043d\u043e\u0439 \u0444\u043e\u0440\u043c\u044b \u0432\u043a\u043b\u044e\u0447\u0438\u0442\u0435 JavaScript \u0432 \u0431\u0440\u0430\u0443\u0437\u0435\u0440\u0435.<\/noscript><div id=\"wpforms-error-noscript\" style=\"display: none;\">\u0414\u043b\u044f \u0437\u0430\u043f\u043e\u043b\u043d\u0435\u043d\u0438\u044f \u0434\u0430\u043d\u043d\u043e\u0439 \u0444\u043e\u0440\u043c\u044b \u0432\u043a\u043b\u044e\u0447\u0438\u0442\u0435 JavaScript \u0432 \u0431\u0440\u0430\u0443\u0437\u0435\u0440\u0435.<\/div><div class=\"wpforms-field-container\"><div id=\"wpforms-1213-field_1-container\" class=\"wpforms-field wpforms-field-name\" data-field-id=\"1\"><fieldset><legend class=\"wpforms-field-label\">\u041a\u0430\u043a \u0412\u0430\u0441 \u0437\u043e\u0432\u0443\u0442? <span class=\"wpforms-required-label\" aria-hidden=\"true\">*<\/span><\/legend><div class=\"wpforms-field-row wpforms-field-large\"><div class=\"wpforms-field-row-block wpforms-first wpforms-one-half\"><input type=\"text\" id=\"wpforms-1213-field_1\" class=\"wpforms-field-name-first wpforms-field-required\" name=\"wpforms[fields][1][first]\" placeholder=\"Vorname\" aria-errormessage=\"wpforms-1213-field_1-error\" required><label for=\"wpforms-1213-field_1\" class=\"wpforms-field-sublabel after wpforms-sublabel-hide\">\u0418\u043c\u044f<\/label><\/div><div class=\"wpforms-field-row-block wpforms-one-half\"><input type=\"text\" id=\"wpforms-1213-field_1-last\" class=\"wpforms-field-name-last wpforms-field-required\" name=\"wpforms[fields][1][last]\" placeholder=\"Familienname\" aria-errormessage=\"wpforms-1213-field_1-last-error\" required><label for=\"wpforms-1213-field_1-last\" class=\"wpforms-field-sublabel after wpforms-sublabel-hide\">\u0424\u0430\u043c\u0438\u043b\u0438\u044f<\/label><\/div><\/div><\/fieldset><\/div><div id=\"wpforms-1213-field_2-container\" class=\"wpforms-field wpforms-field-email\" data-field-id=\"2\"><label class=\"wpforms-field-label\" for=\"wpforms-1213-field_2\">\u041a\u0430\u043a\u043e\u0439 \u0430\u0434\u0440\u0435\u0441 \u0412\u0430\u0448\u0435\u0439 \u044d\u043b\u0435\u043a\u0442\u0440\u043e\u043d\u043d\u043e\u0439 \u043f\u043e\u0447\u0442\u044b? <span class=\"wpforms-required-label\" aria-hidden=\"true\">*<\/span><\/label><input type=\"email\" id=\"wpforms-1213-field_2\" class=\"wpforms-field-large wpforms-field-required\" name=\"wpforms[fields][2]\" spellcheck=\"false\" aria-errormessage=\"wpforms-1213-field_2-error\" required><\/div>\t\t<div id=\"wpforms-1213-field_5-container\"\n\t\t\tclass=\"wpforms-field wpforms-field-text\"\n\t\t\tdata-field-type=\"text\"\n\t\t\tdata-field-id=\"5\"\n\t\t\t>\n\t\t\t<label class=\"wpforms-field-label\" for=\"wpforms-1213-field_5\" >Sie Ihnen eine<\/label>\n\t\t\t<input type=\"text\" id=\"wpforms-1213-field_5\" class=\"wpforms-field-medium\" name=\"wpforms[fields][5]\" >\n\t\t<\/div>\n\t\t<div id=\"wpforms-1213-field_4-container\" class=\"wpforms-field wpforms-field-radio wpforms-list-inline\" data-field-id=\"4\"><fieldset><legend class=\"wpforms-field-label\">\u0412\u044b\u0431\u0435\u0440\u0438\u0442\u0435 \u043e\u0434\u043d\u0443 \u0438\u0437 \u0442\u0440\u0451\u0445 \u043f\u0440\u043e\u0431\u043b\u0435\u043c :<\/legend><ul id=\"wpforms-1213-field_4\" class=\"wpforms-image-choices wpforms-image-choices-modern\"><li class=\"choice-1 depth-1 wpforms-image-choices-item\"><label class=\"wpforms-field-label-inline\" for=\"wpforms-1213-field_4_1\" tabindex=\"0\"><span class=\"wpforms-image-choices-image\"><img decoding=\"async\" src=\"http:\/\/ashotzakaryan.com\/wp-content\/uploads\/2025\/11\/MotivationVectrFORM.png\" alt=\"MOTIVATION - \u041c\u041e\u0422\u0418\u0412\u0410\u0426\u0418\u042f\" title=\"MOTIVATION - \u041c\u041e\u0422\u0418\u0412\u0410\u0426\u0418\u042f\"><\/span><input type=\"radio\" id=\"wpforms-1213-field_4_1\" class=\"wpforms-screen-reader-element\" name=\"wpforms[fields][4]\" value=\"MOTIVATION - \u041c\u041e\u0422\u0418\u0412\u0410\u0426\u0418\u042f\" aria-errormessage=\"wpforms-1213-field_4_1-error\" tabindex=\"-1\"  ><span class=\"wpforms-image-choices-label\">MOTIVATION - \u041c\u041e\u0422\u0418\u0412\u0410\u0426\u0418\u042f<\/span><\/label><\/li><li class=\"choice-4 depth-1 wpforms-image-choices-item\"><label class=\"wpforms-field-label-inline wpforms-field-label-inline-empty\" for=\"wpforms-1213-field_4_4\" tabindex=\"0\"><span class=\"wpforms-image-choices-image\"><\/span><input type=\"radio\" id=\"wpforms-1213-field_4_4\" class=\"wpforms-screen-reader-element\" name=\"wpforms[fields][4]\" value=\"\u0412\u044b\u0431\u043e\u0440 4\" aria-errormessage=\"wpforms-1213-field_4_4-error\" tabindex=\"-1\"  ><span class=\"wpforms-image-choices-label\"><\/span><\/label><\/li><li class=\"choice-2 depth-1 wpforms-image-choices-item\"><label class=\"wpforms-field-label-inline\" for=\"wpforms-1213-field_4_2\" tabindex=\"0\"><span class=\"wpforms-image-choices-image\"><img decoding=\"async\" src=\"http:\/\/ashotzakaryan.com\/wp-content\/uploads\/2025\/11\/TiimeGoalVectrFORM.png\" alt=\"PRODUKTIVIT\u00c4T - \u041f\u0420\u041e\u0414\u0423\u041a\u0422\u0418\u0412\u041d\u041e\u0421\u0422\u042c\" title=\"PRODUKTIVIT\u00c4T - \u041f\u0420\u041e\u0414\u0423\u041a\u0422\u0418\u0412\u041d\u041e\u0421\u0422\u042c\"><\/span><input type=\"radio\" id=\"wpforms-1213-field_4_2\" class=\"wpforms-screen-reader-element\" name=\"wpforms[fields][4]\" value=\"PRODUKTIVIT\u00c4T - \u041f\u0420\u041e\u0414\u0423\u041a\u0422\u0418\u0412\u041d\u041e\u0421\u0422\u042c\" aria-errormessage=\"wpforms-1213-field_4_2-error\" tabindex=\"-1\"  ><span class=\"wpforms-image-choices-label\">PRODUKTIVIT\u00c4T - \u041f\u0420\u041e\u0414\u0423\u041a\u0422\u0418\u0412\u041d\u041e\u0421\u0422\u042c<\/span><\/label><\/li><li class=\"choice-5 depth-1 wpforms-image-choices-item\"><label class=\"wpforms-field-label-inline wpforms-field-label-inline-empty\" for=\"wpforms-1213-field_4_5\" tabindex=\"0\"><span class=\"wpforms-image-choices-image\"><\/span><input type=\"radio\" id=\"wpforms-1213-field_4_5\" class=\"wpforms-screen-reader-element\" name=\"wpforms[fields][4]\" value=\"\u0412\u044b\u0431\u043e\u0440 5\" aria-errormessage=\"wpforms-1213-field_4_5-error\" tabindex=\"-1\"  ><span class=\"wpforms-image-choices-label\"><\/span><\/label><\/li><li class=\"choice-3 depth-1 wpforms-image-choices-item\"><label class=\"wpforms-field-label-inline\" for=\"wpforms-1213-field_4_3\" tabindex=\"0\"><span class=\"wpforms-image-choices-image\"><img decoding=\"async\" src=\"http:\/\/ashotzakaryan.com\/wp-content\/uploads\/2025\/11\/NegativeEnergyvectrFORM-copy.png\" alt=\"HARMONIE - \u0413\u0410\u0420\u041c\u041e\u041d\u0418\u042f\" title=\"HARMONIE - \u0413\u0410\u0420\u041c\u041e\u041d\u0418\u042f\"><\/span><input type=\"radio\" id=\"wpforms-1213-field_4_3\" class=\"wpforms-screen-reader-element\" name=\"wpforms[fields][4]\" value=\"HARMONIE - \u0413\u0410\u0420\u041c\u041e\u041d\u0418\u042f\" aria-errormessage=\"wpforms-1213-field_4_3-error\" tabindex=\"-1\"  ><span class=\"wpforms-image-choices-label\">HARMONIE - \u0413\u0410\u0420\u041c\u041e\u041d\u0418\u042f<\/span><\/label><\/li><\/ul><\/fieldset><\/div><div id=\"wpforms-1213-field_3-container\" class=\"wpforms-field wpforms-field-textarea\" data-field-id=\"3\"><label class=\"wpforms-field-label\" for=\"wpforms-1213-field_3\">\u0412\u0430\u0448\u0438 \u043c\u044b\u0441\u043b\u0438 \u2014 \u0447\u0442\u043e, \u043f\u043e \u0412\u0430\u0448\u0435\u043c\u0443 \u043c\u043d\u0435\u043d\u0438\u044e, \u043c\u043e\u0433\u043b\u043e \u0431\u044b \u0443\u043b\u0443\u0447\u0448\u0438\u0442\u044c\u0441\u044f?<\/label><textarea id=\"wpforms-1213-field_3\" class=\"wpforms-field-medium\" name=\"wpforms[fields][3]\" aria-errormessage=\"wpforms-1213-field_3-error\" ><\/textarea><\/div><script>\n\t\t\t\t( function() {\n\t\t\t\t\tconst style = document.createElement( 'style' );\n\t\t\t\t\tstyle.appendChild( document.createTextNode( '#wpforms-1213-field_5-container { position: absolute !important; overflow: hidden !important; display: inline !important; height: 1px !important; width: 1px !important; z-index: -1000 !important; padding: 0 !important; } #wpforms-1213-field_5-container input { visibility: hidden; } #wpforms-conversational-form-page #wpforms-1213-field_5-container label { counter-increment: none; }' ) );\n\t\t\t\t\tdocument.head.appendChild( style );\n\t\t\t\t\tdocument.currentScript?.remove();\n\t\t\t\t} )();\n\t\t\t<\/script><\/div><!-- .wpforms-field-container --><div class=\"wpforms-submit-container\" ><input type=\"hidden\" name=\"wpforms[id]\" value=\"1213\"><input type=\"hidden\" name=\"page_title\" value=\"\"><input type=\"hidden\" name=\"page_url\" value=\"https:\/\/ashotzakaryan.com\/rus\/wp-json\/wp\/v2\/pages\/1119\"><input type=\"hidden\" name=\"url_referer\" value=\"\"><button type=\"submit\" name=\"wpforms[submit]\" id=\"wpforms-submit-1213\" class=\"wpforms-submit\" data-alt-text=\"Ich bin schon gespannt...\" data-submit-text=\"Let&#039;s give it A-shot!\" aria-live=\"assertive\" value=\"wpforms-submit\">\u0414\u0430\u0432\u0430\u0439\u0442\u0435 \u043f\u043e\u043f\u0440\u043e\u0431\u0443\u0435\u043c!<\/button><img loading=\"lazy\" decoding=\"async\" src=\"https:\/\/ashotzakaryan.com\/wp-content\/plugins\/wpforms-lite\/assets\/images\/submit-spin.svg\" class=\"wpforms-submit-spinner\" style=\"display: none;\" width=\"26\" height=\"26\" alt=\"\u0417\u0430\u0433\u0440\u0443\u0437\u043a\u0430\"><\/div><input type=\"hidden\" name=\"trp-form-language\" value=\"rus\"\/><\/form><\/div>  <!-- .wpforms-container -->\n\n\n\n<p><\/p>","protected":false},"excerpt":{"rendered":"<p>\u0415\u0421\u041b\u0418 \u0412\u042b \u0417\u0414\u0415\u0421\u042c, \u0422\u041e \u0412\u042b \u0427\u0401\u0422\u041a\u041e \u041e\u0421\u041e\u0417\u041d\u0410\u0401\u0422\u0415 \u041a\u0422\u041e \u0425\u041e\u0417\u042f\u0418\u041d \u0412 \u0412\u0410\u0428\u0415\u0419 \u0416\u0418\u0417\u041d\u0418. \u0410 \u0415\u0429\u0401 \u0412\u042b \u0421\u041a\u041e\u0420\u0415\u0415 \u0412\u0421\u0415\u0413\u041e \u0420\u0415\u0428\u0418\u041b\u0418 \u0427\u0422\u041e-\u0422\u041e \u0418\u0417\u041c\u0415\u041d\u0418\u0422\u042c. \u0412\u041e\u0417\u041c\u041e\u0416\u041d\u041e \u0412 \u0412\u0410\u0428\u0415\u0419 \u041c\u041e\u0422\u0418\u0412\u0410\u0426\u0418\u0418. \u0410 \u041c\u041e\u0416\u0415\u0422 \u0412 \u041f\u0420\u041e\u0414\u0423\u041a\u0422\u0418\u0412\u041d\u041e\u0421\u0422\u0418. \u0418\u041b\u0418 \u0416\u0415 \u0412\u042b \u041f\u0420\u041e\u0421\u0422\u041e \u0416\u0410\u0416\u0414\u0418\u0422\u0415 \u0413\u0410\u0420\u041c\u041e\u041d\u0418\u0418. \u041c\u041d\u0415 \u041e\u0427\u0415\u041d\u042c \u0418\u041d\u0422\u0415\u0420\u0415\u0421\u041d\u041e, \u0427\u0422\u041e \u0418\u041c\u0415\u041d\u041d\u041e \u0414\u041b\u042f \u0412\u0410\u0421 \u0421\u0415\u0419\u0427\u0410\u0421 \u0412\u0410\u0416\u041d\u041e. \u0421 \u0420\u0410\u0414\u041e\u0421\u0422\u042c\u042e \u0412\u041e\u0417\u042c\u041c\u0423\u0421\u042c \u0421\u041e\u041f\u0420\u041e\u0412\u041e\u0416\u0414\u0410\u0422\u042c \u0412\u0410\u0421!<\/p>","protected":false},"author":1,"featured_media":0,"parent":0,"menu_order":0,"comment_status":"closed","ping_status":"closed","template":"","meta":{"footnotes":""},"class_list":["post-1119","page","type-page","status-publish","hentry"],"yoast_head":"<!-- This site is optimized with the Yoast SEO plugin v26.2 - https:\/\/yoast.com\/wordpress\/plugins\/seo\/ -->\n<title>WAS ? - der INSIGHTER<\/title>\n<meta name=\"robots\" content=\"index, follow, max-snippet:-1, max-image-preview:large, max-video-preview:-1\" \/>\n<link rel=\"canonical\" href=\"https:\/\/ashotzakaryan.com\/rus\/was\/\" \/>\n<meta property=\"og:locale\" content=\"ru_RU\" \/>\n<meta property=\"og:type\" content=\"article\" \/>\n<meta property=\"og:title\" content=\"WAS ? - der INSIGHTER\" \/>\n<meta property=\"og:description\" content=\"WENN SIE HIER SIND, DANN SIND SIE SICH KLAR, WER DER HERR IHRES LEBENS IST. UND SIE HABEN SICH WAHRSCHEINLICH ENTSCHIEDEN, ETWAS ZU VER\u00c4NDERN. VIELLEICHT IHRE MOTIVATION. ODER IHRE PRODUKTIVIT\u00c4T. ODER SIE W\u00dcNSCHEN EINFACH HARMONIE. ES INTERESSIERT MICH SEHR, WAS GENAU F\u00dcR SIE GERADE WICHTIG IST. ICH FREUE MICH DARAUF, SIE ZU BEGLEITEN!\" \/>\n<meta property=\"og:url\" content=\"https:\/\/ashotzakaryan.com\/rus\/was\/\" \/>\n<meta property=\"og:site_name\" content=\"der INSIGHTER\" \/>\n<meta property=\"article:publisher\" content=\"https:\/\/www.facebook.com\/profile.php?id=61575221885111\" \/>\n<meta property=\"article:modified_time\" content=\"2025-11-22T08:55:01+00:00\" \/>\n<meta name=\"twitter:card\" content=\"summary_large_image\" \/>\n<meta name=\"twitter:label1\" content=\"\u041f\u0440\u0438\u043c\u0435\u0440\u043d\u043e\u0435 \u0432\u0440\u0435\u043c\u044f \u0434\u043b\u044f \u0447\u0442\u0435\u043d\u0438\u044f\" \/>\n\t<meta name=\"twitter:data1\" content=\"1 \u043c\u0438\u043d\u0443\u0442\u0430\" \/>\n<script type=\"application\/ld+json\" class=\"yoast-schema-graph\">{\"@context\":\"https:\/\/schema.org\",\"@graph\":[{\"@type\":\"WebPage\",\"@id\":\"https:\/\/ashotzakaryan.com\/was\/\",\"url\":\"https:\/\/ashotzakaryan.com\/was\/\",\"name\":\"WAS ? - der INSIGHTER\",\"isPartOf\":{\"@id\":\"https:\/\/ashotzakaryan.com\/#website\"},\"datePublished\":\"2025-10-20T18:51:52+00:00\",\"dateModified\":\"2025-11-22T08:55:01+00:00\",\"breadcrumb\":{\"@id\":\"https:\/\/ashotzakaryan.com\/was\/#breadcrumb\"},\"inLanguage\":\"ru-RU\",\"potentialAction\":[{\"@type\":\"ReadAction\",\"target\":[\"https:\/\/ashotzakaryan.com\/was\/\"]}]},{\"@type\":\"BreadcrumbList\",\"@id\":\"https:\/\/ashotzakaryan.com\/was\/#breadcrumb\",\"itemListElement\":[{\"@type\":\"ListItem\",\"position\":1,\"name\":\"Home\",\"item\":\"https:\/\/ashotzakaryan.com\/\"},{\"@type\":\"ListItem\",\"position\":2,\"name\":\"WAS ?\"}]},{\"@type\":\"WebSite\",\"@id\":\"https:\/\/ashotzakaryan.com\/#website\",\"url\":\"https:\/\/ashotzakaryan.com\/\",\"name\":\"A-shot Zakaryan\",\"description\":\"Der Funke der Klarheit, der alles ver\u00e4ndert.\",\"publisher\":{\"@id\":\"https:\/\/ashotzakaryan.com\/#organization\"},\"potentialAction\":[{\"@type\":\"SearchAction\",\"target\":{\"@type\":\"EntryPoint\",\"urlTemplate\":\"https:\/\/ashotzakaryan.com\/?s={search_term_string}\"},\"query-input\":{\"@type\":\"PropertyValueSpecification\",\"valueRequired\":true,\"valueName\":\"search_term_string\"}}],\"inLanguage\":\"ru-RU\"},{\"@type\":\"Organization\",\"@id\":\"https:\/\/ashotzakaryan.com\/#organization\",\"name\":\"A-shot Zakaryan\",\"url\":\"https:\/\/ashotzakaryan.com\/\",\"logo\":{\"@type\":\"ImageObject\",\"inLanguage\":\"ru-RU\",\"@id\":\"https:\/\/ashotzakaryan.com\/#\/schema\/logo\/image\/\",\"url\":\"https:\/\/ashotzakaryan.com\/wp-content\/uploads\/2024\/11\/SALES-COLOR-1.jpg\",\"contentUrl\":\"https:\/\/ashotzakaryan.com\/wp-content\/uploads\/2024\/11\/SALES-COLOR-1.jpg\",\"width\":1434,\"height\":1432,\"caption\":\"A-shot Zakaryan\"},\"image\":{\"@id\":\"https:\/\/ashotzakaryan.com\/#\/schema\/logo\/image\/\"},\"sameAs\":[\"https:\/\/www.facebook.com\/profile.php?id=61575221885111\",\"https:\/\/www.instagram.com\/ashot.zakaryan\/\",\"https:\/\/www.linkedin.com\/in\/ashot-zakaryan-7054376a\/\"]}]}<\/script>\n<!-- \/ Yoast SEO plugin. -->","yoast_head_json":{"title":"WAS ? - der INSIGHTER","robots":{"index":"index","follow":"follow","max-snippet":"max-snippet:-1","max-image-preview":"max-image-preview:large","max-video-preview":"max-video-preview:-1"},"canonical":"https:\/\/ashotzakaryan.com\/rus\/was\/","og_locale":"ru_RU","og_type":"article","og_title":"WAS ? - der INSIGHTER","og_description":"WENN SIE HIER SIND, DANN SIND SIE SICH KLAR, WER DER HERR IHRES LEBENS IST. UND SIE HABEN SICH WAHRSCHEINLICH ENTSCHIEDEN, ETWAS ZU VER\u00c4NDERN. VIELLEICHT IHRE MOTIVATION. ODER IHRE PRODUKTIVIT\u00c4T. ODER SIE W\u00dcNSCHEN EINFACH HARMONIE. ES INTERESSIERT MICH SEHR, WAS GENAU F\u00dcR SIE GERADE WICHTIG IST. ICH FREUE MICH DARAUF, SIE ZU BEGLEITEN!","og_url":"https:\/\/ashotzakaryan.com\/rus\/was\/","og_site_name":"der INSIGHTER","article_publisher":"https:\/\/www.facebook.com\/profile.php?id=61575221885111","article_modified_time":"2025-11-22T08:55:01+00:00","twitter_card":"summary_large_image","twitter_misc":{"\u041f\u0440\u0438\u043c\u0435\u0440\u043d\u043e\u0435 \u0432\u0440\u0435\u043c\u044f \u0434\u043b\u044f \u0447\u0442\u0435\u043d\u0438\u044f":"1 \u043c\u0438\u043d\u0443\u0442\u0430"},"schema":{"@context":"https:\/\/schema.org","@graph":[{"@type":"WebPage","@id":"https:\/\/ashotzakaryan.com\/was\/","url":"https:\/\/ashotzakaryan.com\/was\/","name":"WAS ? - der INSIGHTER","isPartOf":{"@id":"https:\/\/ashotzakaryan.com\/#website"},"datePublished":"2025-10-20T18:51:52+00:00","dateModified":"2025-11-22T08:55:01+00:00","breadcrumb":{"@id":"https:\/\/ashotzakaryan.com\/was\/#breadcrumb"},"inLanguage":"ru-RU","potentialAction":[{"@type":"ReadAction","target":["https:\/\/ashotzakaryan.com\/was\/"]}]},{"@type":"BreadcrumbList","@id":"https:\/\/ashotzakaryan.com\/was\/#breadcrumb","itemListElement":[{"@type":"ListItem","position":1,"name":"Home","item":"https:\/\/ashotzakaryan.com\/"},{"@type":"ListItem","position":2,"name":"WAS ?"}]},{"@type":"WebSite","@id":"https:\/\/ashotzakaryan.com\/#website","url":"https:\/\/ashotzakaryan.com\/","name":"A-shot Zakaryan","description":"Der Funke der Klarheit, der alles ver\u00e4ndert.","publisher":{"@id":"https:\/\/ashotzakaryan.com\/#organization"},"potentialAction":[{"@type":"SearchAction","target":{"@type":"EntryPoint","urlTemplate":"https:\/\/ashotzakaryan.com\/?s={search_term_string}"},"query-input":{"@type":"PropertyValueSpecification","valueRequired":true,"valueName":"search_term_string"}}],"inLanguage":"ru-RU"},{"@type":"Organization","@id":"https:\/\/ashotzakaryan.com\/#organization","name":"A-shot Zakaryan","url":"https:\/\/ashotzakaryan.com\/","logo":{"@type":"ImageObject","inLanguage":"ru-RU","@id":"https:\/\/ashotzakaryan.com\/#\/schema\/logo\/image\/","url":"https:\/\/ashotzakaryan.com\/wp-content\/uploads\/2024\/11\/SALES-COLOR-1.jpg","contentUrl":"https:\/\/ashotzakaryan.com\/wp-content\/uploads\/2024\/11\/SALES-COLOR-1.jpg","width":1434,"height":1432,"caption":"A-shot Zakaryan"},"image":{"@id":"https:\/\/ashotzakaryan.com\/#\/schema\/logo\/image\/"},"sameAs":["https:\/\/www.facebook.com\/profile.php?id=61575221885111","https:\/\/www.instagram.com\/ashot.zakaryan\/","https:\/\/www.linkedin.com\/in\/ashot-zakaryan-7054376a\/"]}]}},"_links":{"self":[{"href":"https:\/\/ashotzakaryan.com\/rus\/wp-json\/wp\/v2\/pages\/1119","targetHints":{"allow":["GET"]}}],"collection":[{"href":"https:\/\/ashotzakaryan.com\/rus\/wp-json\/wp\/v2\/pages"}],"about":[{"href":"https:\/\/ashotzakaryan.com\/rus\/wp-json\/wp\/v2\/types\/page"}],"author":[{"embeddable":true,"href":"https:\/\/ashotzakaryan.com\/rus\/wp-json\/wp\/v2\/users\/1"}],"replies":[{"embeddable":true,"href":"https:\/\/ashotzakaryan.com\/rus\/wp-json\/wp\/v2\/comments?post=1119"}],"version-history":[{"count":56,"href":"https:\/\/ashotzakaryan.com\/rus\/wp-json\/wp\/v2\/pages\/1119\/revisions"}],"predecessor-version":[{"id":1289,"href":"https:\/\/ashotzakaryan.com\/rus\/wp-json\/wp\/v2\/pages\/1119\/revisions\/1289"}],"wp:attachment":[{"href":"https:\/\/ashotzakaryan.com\/rus\/wp-json\/wp\/v2\/media?parent=1119"}],"curies":[{"name":"wp","href":"https:\/\/api.w.org\/{rel}","templated":true}]}}